{"id":3187,"date":"2023-05-23T04:19:35","date_gmt":"2023-05-23T04:19:35","guid":{"rendered":"https:\/\/novi.ivanovicimpeks.rs\/?post_type=product&#038;p=3187"},"modified":"2025-03-14T10:08:29","modified_gmt":"2025-03-14T10:08:29","slug":"zljebnjak-terran-natura","status":"publish","type":"product","link":"https:\/\/ivanovicimpeks.rs\/product\/zljebnjak-terran-natura\/","title":{"rendered":"\u017dljebnjak Terran natura"},"content":{"rendered":"<p>Pokrivni element slemena i grebena. S obzirom na vremenske prilike, kod postavljanja crepova treba uzeti<br \/>\nu obzir preovla\u0111uju\u0107i smer vetra i svaki element treba u\u010dvrstiti. Po mogu\u0107nosti, vetar se ne sme provu\u0107i<br \/>\nispod slemenjaka, odnosno koli\u010dina padavina koja ovde ulazi mora biti minimalna. Sa zakivanjem ili zaptivanjem<br \/>\nslemenjak je otporan na oluje. Ranije uobi\u010dajeni postupak malterisanja ili bojenja se ne preporu\u010duje. Za u\u010dvr\u0161\u0107ivanje letvi slemena treba koristiti nosa\u010d letvi.<\/p>\n","protected":false},"excerpt":{"rendered":"<p>Kom\/paleta: maks. 128<br \/>\nDimenzija: 250\/230 x 420 mm<br \/>\n\u0160irina pokrivanja: 370 mm (uz prekivanje od 5 cm)<br \/>\nPotrebna koli\u010dina: 2,7 kom\/m (5 cm preklopom)<br \/>\nPri\u010dvr\u0161\u0107ivanje\tpomo\u0107u elementa za pri\u010dvr\u0161\u0107ivanje slemenog crepa<br \/>\nTe\u017eina: 4,70 kg\/kom<br \/>\nBoja: Natur<br \/>\nNijansa: Crvena<br \/>\nPovr\u0161inska obrada: Colorsystem<\/p>\n","protected":false},"featured_media":3225,"template":"","meta":[],"etheme_brands":[],"product_brand":[],"product_cat":[146,55,150],"product_tag":[],"class_list":{"0":"post-3187","1":"product","2":"type-product","3":"status-publish","4":"has-post-thumbnail","6":"product_cat-crep","7":"product_cat-krovni-pokrivaci","8":"product_cat-terran","9":"pa_proizvodjac-terran-krovni-sistem-doo","10":"pa_zemlja-porekla-srbija","12":"first","13":"instock","14":"shipping-taxable","15":"purchasable","16":"product-type-simple"},"_links":{"self":[{"href":"https:\/\/ivanovicimpeks.rs\/wp-json\/wp\/v2\/product\/3187","targetHints":{"allow":["GET"]}}],"collection":[{"href":"https:\/\/ivanovicimpeks.rs\/wp-json\/wp\/v2\/product"}],"about":[{"href":"https:\/\/ivanovicimpeks.rs\/wp-json\/wp\/v2\/types\/product"}],"version-history":[{"count":1,"href":"https:\/\/ivanovicimpeks.rs\/wp-json\/wp\/v2\/product\/3187\/revisions"}],"predecessor-version":[{"id":3226,"href":"https:\/\/ivanovicimpeks.rs\/wp-json\/wp\/v2\/product\/3187\/revisions\/3226"}],"wp:featuredmedia":[{"embeddable":true,"href":"https:\/\/ivanovicimpeks.rs\/wp-json\/wp\/v2\/media\/3225"}],"wp:attachment":[{"href":"https:\/\/ivanovicimpeks.rs\/wp-json\/wp\/v2\/media?parent=3187"}],"wp:term":[{"taxonomy":"brand","embeddable":true,"href":"https:\/\/ivanovicimpeks.rs\/wp-json\/wp\/v2\/etheme_brands?post=3187"},{"taxonomy":"product_brand","embeddable":true,"href":"https:\/\/ivanovicimpeks.rs\/wp-json\/wp\/v2\/product_brand?post=3187"},{"taxonomy":"product_cat","embeddable":true,"href":"https:\/\/ivanovicimpeks.rs\/wp-json\/wp\/v2\/product_cat?post=3187"},{"taxonomy":"product_tag","embeddable":true,"href":"https:\/\/ivanovicimpeks.rs\/wp-json\/wp\/v2\/product_tag?post=3187"}],"curies":[{"name":"wp","href":"https:\/\/api.w.org\/{rel}","templated":true}]}}