{"id":2902,"date":"2023-05-23T04:18:23","date_gmt":"2023-05-23T04:18:23","guid":{"rendered":"https:\/\/novi.ivanovicimpeks.rs\/?post_type=product&#038;p=2902"},"modified":"2026-03-11T07:50:26","modified_gmt":"2026-03-11T07:50:26","slug":"gradevinska-greda-10x12cm-7m-0084m3","status":"publish","type":"product","link":"https:\/\/ivanovicimpeks.rs\/product\/gradevinska-greda-10x12cm-7m-0084m3\/","title":{"rendered":"Gra\u0111evinska greda 10x12cm &#8211; 7m\/0,084m3"},"content":{"rendered":"<p>Rezana ili drvena gra\u0111a je materijal koji se koristi za izradu krovnih konstrukcija. U drvenu (rezanu) gra\u0111u spadaju: grede, daske, fosne, \u0161tafne, letve. Vrlo je bitno da izaberete kvalitetnu drvenu (rezanu) gra\u0111u, jer je ona nosilac krovopokriva\u010dkih materijala, koji u ve\u0107ini slu\u010dajeva nisu laki (npr. crepovi, tegola, onduline). Tako\u0111e je veoma bitno da drvena (rezana) gra\u0111a bude suva i dobro za\u0161ti\u0107ena pre njene ugradnje na objekat.<br \/>\nNa na\u0161em stovari\u0161tu gra\u0111a se skladi\u0161ti u natkrivenom prostoru kako bi bila za\u0161ti\u0107ena od nepovoljnih vremenskih uticaja.<\/p>\n","protected":false},"excerpt":{"rendered":"<p>Jedinica mere: kom<br \/>\nDimenzije: 10cmx12cm-7m<br \/>\nKOli\u010dina u m3: 0,084<br \/>\nMaterijal: Jelovo drvo<br \/>\nZemlja porekla: BiH<br \/>\nUvoznik: Ivanovi\u0107-impeks doo<\/p>\n","protected":false},"featured_media":2959,"template":"","meta":[],"etheme_brands":[],"product_brand":[],"product_cat":[59,60,61],"product_tag":[],"class_list":{"0":"post-2902","1":"product","2":"type-product","3":"status-publish","4":"has-post-thumbnail","6":"product_cat-drvo-i-drveni-asortiman","7":"product_cat-gradevinski-materijal","8":"product_cat-grada","9":"pa_dimenzija-10x12","10":"pa_duzina-7m","11":"pa_namena-greda","13":"first","14":"instock","15":"shipping-taxable","16":"purchasable","17":"product-type-simple"},"_links":{"self":[{"href":"https:\/\/ivanovicimpeks.rs\/wp-json\/wp\/v2\/product\/2902","targetHints":{"allow":["GET"]}}],"collection":[{"href":"https:\/\/ivanovicimpeks.rs\/wp-json\/wp\/v2\/product"}],"about":[{"href":"https:\/\/ivanovicimpeks.rs\/wp-json\/wp\/v2\/types\/product"}],"version-history":[{"count":1,"href":"https:\/\/ivanovicimpeks.rs\/wp-json\/wp\/v2\/product\/2902\/revisions"}],"predecessor-version":[{"id":2965,"href":"https:\/\/ivanovicimpeks.rs\/wp-json\/wp\/v2\/product\/2902\/revisions\/2965"}],"wp:featuredmedia":[{"embeddable":true,"href":"https:\/\/ivanovicimpeks.rs\/wp-json\/wp\/v2\/media\/2959"}],"wp:attachment":[{"href":"https:\/\/ivanovicimpeks.rs\/wp-json\/wp\/v2\/media?parent=2902"}],"wp:term":[{"taxonomy":"brand","embeddable":true,"href":"https:\/\/ivanovicimpeks.rs\/wp-json\/wp\/v2\/etheme_brands?post=2902"},{"taxonomy":"product_brand","embeddable":true,"href":"https:\/\/ivanovicimpeks.rs\/wp-json\/wp\/v2\/product_brand?post=2902"},{"taxonomy":"product_cat","embeddable":true,"href":"https:\/\/ivanovicimpeks.rs\/wp-json\/wp\/v2\/product_cat?post=2902"},{"taxonomy":"product_tag","embeddable":true,"href":"https:\/\/ivanovicimpeks.rs\/wp-json\/wp\/v2\/product_tag?post=2902"}],"curies":[{"name":"wp","href":"https:\/\/api.w.org\/{rel}","templated":true}]}}